{"id":82,"date":"2023-07-08T11:33:56","date_gmt":"2023-07-08T09:33:56","guid":{"rendered":"https:\/\/advokacie24.cz\/index.php\/home\/"},"modified":"2026-01-28T11:40:31","modified_gmt":"2026-01-28T10:40:31","slug":"home","status":"publish","type":"page","link":"https:\/\/advokacie24.cz\/","title":{"rendered":"Home"},"content":{"rendered":"<h1>JUDr. Michal Zeman<\/h1>\n<h1>advok\u00e1t<\/h1>\n<p>Advok\u00e1tn\u00ed kancel\u00e1\u0159 JUDr. Michala Zemana byla zalo\u017eena v roce 2012 a od sv\u00e9ho zalo\u017een\u00ed poskytuje pr\u00e1vn\u00ed slu\u017eby \u0161irok\u00e9mu spektru klient\u016f, p\u0159ev\u00e1\u017en\u011b v oblasti trestn\u00edho pr\u00e1va, d\u011bdick\u00e9ho pr\u00e1va, z\u00e1vazkov\u00e9ho pr\u00e1va.<\/p>\n<p>\t\t\t\t\t<a href=\"#onas\"><br \/>\n\t\t\t\t\t\t\t\t\tO n\u00e1s<br \/>\n\t\t\t\t\t<\/a><br \/>\n\t\t\t\t\t\t\t\t\t\t\t\t\t\t\t<img loading=\"lazy\" decoding=\"async\" width=\"800\" height=\"1003\" src=\"https:\/\/advokacie24.cz\/wp-content\/uploads\/2023\/07\/MAR_9607-7-scaled-1-e1688809328791-817x1024.jpg\" alt=\"\" srcset=\"https:\/\/advokacie24.cz\/wp-content\/uploads\/2023\/07\/MAR_9607-7-scaled-1-e1688809328791-817x1024.jpg 817w, https:\/\/advokacie24.cz\/wp-content\/uploads\/2023\/07\/MAR_9607-7-scaled-1-e1688809328791-239x300.jpg 239w, https:\/\/advokacie24.cz\/wp-content\/uploads\/2023\/07\/MAR_9607-7-scaled-1-e1688809328791-768x963.jpg 768w, https:\/\/advokacie24.cz\/wp-content\/uploads\/2023\/07\/MAR_9607-7-scaled-1-e1688809328791-1225x1536.jpg 1225w, https:\/\/advokacie24.cz\/wp-content\/uploads\/2023\/07\/MAR_9607-7-scaled-1-e1688809328791-1633x2048.jpg 1633w, https:\/\/advokacie24.cz\/wp-content\/uploads\/2023\/07\/MAR_9607-7-scaled-1-e1688809328791.jpg 1740w\" sizes=\"auto, (max-width: 800px) 100vw, 800px\" \/>\t\t\t\t\t\t\t\t\t\t\t\t\t\t\t<\/p>\n<h2>O n\u00e1s<\/h2>\n<p>JUDr. Michal Zeman je advok\u00e1tem zapsan\u00fdm \u010ceskou advok\u00e1tn\u00ed komorou pod \u010d\u00edslem 14836. JUDr, Michal Zeman je sou\u010dasn\u011b \u010dlenem mezin\u00e1rodn\u00ed organizace sdru\u017euj\u00edc\u00ed evropsk\u00e9 obh\u00e1jce v trestn\u00edch v\u011bcech &#8211; ECBA (European Criminal Bar Association) a organizace FAIR TRIALS INTERNATIONAL se s\u00eddlem v Lond\u00fdn\u011b, jej\u00edm\u017e c\u00edlem je ochrana spravedliv\u00e9ho procesu a z\u00e1kladn\u00edch pr\u00e1v.<\/p>\n<p>JUDr. Michal Zeman absolvoval v minulosti studijn\u00ed pobyty na Ernst-Moritz-Arndt-Universit\u00e4t v Greifswaldu (Prof. Dr. Frieder D\u00fcnkel), Leopold-Franzens-Universit\u00e4t v Innsbruck (Univ.-Prof. Dr. Andreas Scheil) a Manchester Metropolitan University.<\/p>\n<p>Na\u0161\u00edm c\u00edlem je poskytov\u00e1n\u00ed nadstandardn\u00edch pr\u00e1vn\u00edch slu\u017eeb s individu\u00e1ln\u00edm a lidsk\u00fdm p\u0159\u00edstupem k pln\u00e9 spokojenosti klienta.<\/p>\n<p>Pr\u00e1vn\u00ed slu\u017eby poskytujeme rovn\u011b\u017e v anglick\u00e9m a n\u011bmeck\u00e9m jazyce.<\/p>\n<p>\t\t\t\t\t<a href=\"#sluzby\"><br \/>\n\t\t\t\t\t\t\t\t\toblasti p\u016fsoben\u00ed<br \/>\n\t\t\t\t\t<\/a><\/p>\n<h2>Co pro v\u00e1s m\u016f\u017eeme ud\u011blat<\/h2>\n<p>Na\u0161e kancel\u00e1\u0159 se specializuje prim\u00e1rn\u011b na obhajobu klient\u016f v r\u00e1mci trestn\u00edho \u0159\u00edzen\u00ed. Obhajobu prov\u00e1d\u00edme ve v\u0161ech f\u00e1z\u00edch trestn\u00edho \u0159\u00edzen\u00ed, v\u010detn\u011b zastupov\u00e1n\u00ed p\u0159i pod\u00e1n\u00ed mimo\u0159\u00e1dn\u00fdch opravn\u00fdch prost\u0159edk\u016f u Nejvy\u0161\u0161\u00edho soudu, \u00dastavn\u00edho soudu i Evropsk\u00e9ho soudu pro lidsk\u00e1 pr\u00e1va. V r\u00e1mci trestn\u00edho pr\u00e1va poskytujeme pr\u00e1vn\u00ed slu\u017eby i ve vztahu k zastupov\u00e1n\u00ed po\u0161kozen\u00fdch a mladistv\u00fdch pachatel\u016f.<\/p>\n<p>V r\u00e1mci poskytov\u00e1n\u00ed pr\u00e1vn\u00edch slu\u017eeb v oblasti trestn\u00edho pr\u00e1va vyu\u017e\u00edv\u00e1me i mezin\u00e1rodn\u00ed spolupr\u00e1ci s odborn\u00edky z jin\u00fdch zem\u00ed v souvislosti s \u010dlenstv\u00edm v Evropsk\u00e9 asociaci obh\u00e1jc\u016f v trestn\u00edch v\u011bcech (European Criminal Bar Association) a organizace FAIT TRIALS INTERNATIONAL se s\u00eddlem v Lond\u00fdn\u011b.<\/p>\n<h3>Obhajoba v trestn\u00edch \u0159\u00edzen\u00edch<\/h3>\n<p>Zastupujeme obvin\u011bn\u00e9ho (i mladistv\u00e9) a argumentujeme ve prosp\u011bch jeho neviny nebo se sna\u017e\u00edme minimalizovat n\u00e1sledky a trest, pokud je obvin\u011bn\u00ed prok\u00e1z\u00e1no.<\/p>\n<h3>Zastupov\u00e1n\u00ed po\u0161kozen\u00fdch v trestn\u00edch \u0159\u00edzen\u00edch<\/h3>\n<p>Zastupujeme a h\u00e1j\u00edme z\u00e1jmy ob\u011bt\u00ed trestn\u00e9ho \u010dinu, usilujeme o spravedliv\u00e9 od\u0161kodn\u011bn\u00ed a spravedliv\u00fd postup v\u016f\u010di pachatel\u016fm.<\/p>\n<h3>Zastupov\u00e1n\u00ed v d\u011bdick\u00fdch \u0159\u00edzen\u00edch<\/h3>\n<p>Zastupujeme a zaji\u0161\u0165ujeme pr\u00e1va a z\u00e1jmy d\u011bdic\u016f p\u0159i rozd\u011blov\u00e1n\u00ed majetku po zem\u0159el\u00e9m.<\/p>\n<h3>Vym\u00e1h\u00e1n\u00ed pohled\u00e1vek a n\u00e1hrady \u0161kody<\/h3>\n<p>Aktivn\u011b uplat\u0148ujeme n\u00e1roky na splacen\u00ed dluh\u016f nebo n\u00e1hradu \u0161kody v\u016f\u010di odpov\u011bdn\u00fdm stran\u00e1m.<\/p>\n<h2>Jsme \u010dleny<\/h2>\n<p>\t\t\t\t\t\t\t<a href=\"https:\/\/www.cak.cz\/\" target=\"_blank\"><br \/>\n\t\t<\/a><br \/>\n\t\t\t\t\t\t\t<a href=\"https:\/\/www.fairtrials.org\/\" target=\"_blank\"><br \/>\n\t\t<\/a><br \/>\n\t\t\t\t\t\t\t<a href=\"https:\/\/www.ecba.org\/content\/\" target=\"_blank\"><br \/>\n\t\t<\/a>\t\t\t\t\t\t<\/p>\n<h2>Na\u0161e kancel\u00e1\u0159<\/h2>\n<p>Najdete n\u00e1s na <strong>Praze 5<\/strong> &#8211; Malatova 461\/17, 150 00 Praha 5<\/p>\n<p>+420 604 940 910<\/p>\n<p>Malatova 461\/17, 150 00 Praha 5<\/p>\n<p>zeman@advokacie24.cz<\/p>\n<p>\t\t\t<iframe loading=\"lazy\"\n\t\t\t\t\tsrc=\"https:\/\/maps.google.com\/maps?q=Malatova%20461%2F17%2C%20150%2000%20Praha%205&#038;t=m&#038;z=15&#038;output=embed&#038;iwloc=near\"\n\t\t\t\t\ttitle=\"Malatova 461\/17, 150 00 Praha 5\"\n\t\t\t\t\taria-label=\"Malatova 461\/17, 150 00 Praha 5\"\n\t\t\t><\/iframe><\/p>\n","protected":false},"excerpt":{"rendered":"<p>JUDr. Michal Zeman advok\u00e1t Advok\u00e1tn\u00ed kancel\u00e1\u0159 JUDr. Michala Zemana byla zalo\u017eena v roce 2012 a od sv\u00e9ho zalo\u017een\u00ed poskytuje pr\u00e1vn\u00ed slu\u017eby \u0161irok\u00e9mu spektru klient\u016f, p\u0159ev\u00e1\u017en\u011b v oblasti trestn\u00edho pr\u00e1va, d\u011bdick\u00e9ho pr\u00e1va, z\u00e1vazkov\u00e9ho pr\u00e1va. O n\u00e1s O n\u00e1s JUDr. Michal Zeman je advok\u00e1tem zapsan\u00fdm \u010ceskou advok\u00e1tn\u00ed komorou pod \u010d\u00edslem 14836. JUDr, Michal Zeman je sou\u010dasn\u011b \u010dlenem [&hellip;]<\/p>\n","protected":false},"author":1,"featured_media":0,"parent":0,"menu_order":0,"comment_status":"closed","ping_status":"closed","template":"elementor_header_footer","meta":{"footnotes":""},"class_list":["post-82","page","type-page","status-publish","hentry"],"_links":{"self":[{"href":"https:\/\/advokacie24.cz\/index.php\/wp-json\/wp\/v2\/pages\/82","targetHints":{"allow":["GET"]}}],"collection":[{"href":"https:\/\/advokacie24.cz\/index.php\/wp-json\/wp\/v2\/pages"}],"about":[{"href":"https:\/\/advokacie24.cz\/index.php\/wp-json\/wp\/v2\/types\/page"}],"author":[{"embeddable":true,"href":"https:\/\/advokacie24.cz\/index.php\/wp-json\/wp\/v2\/users\/1"}],"replies":[{"embeddable":true,"href":"https:\/\/advokacie24.cz\/index.php\/wp-json\/wp\/v2\/comments?post=82"}],"version-history":[{"count":133,"href":"https:\/\/advokacie24.cz\/index.php\/wp-json\/wp\/v2\/pages\/82\/revisions"}],"predecessor-version":[{"id":323,"href":"https:\/\/advokacie24.cz\/index.php\/wp-json\/wp\/v2\/pages\/82\/revisions\/323"}],"wp:attachment":[{"href":"https:\/\/advokacie24.cz\/index.php\/wp-json\/wp\/v2\/media?parent=82"}],"curies":[{"name":"wp","href":"https:\/\/api.w.org\/{rel}","templated":true}]}}